{"id":316,"date":"2021-10-06T09:55:36","date_gmt":"2021-10-06T09:55:36","guid":{"rendered":"https:\/\/testenv.schnippering.com\/?page_id=316"},"modified":"2022-01-11T13:12:48","modified_gmt":"2022-01-11T13:12:48","slug":"unternehmen","status":"publish","type":"page","link":"https:\/\/www.schnippering.com\/en\/unternehmen\/","title":{"rendered":"The family business Hugo Schnippering"},"content":{"rendered":"<div data-elementor-type=\"wp-page\" data-elementor-id=\"316\" class=\"elementor elementor-316\">\n\t\t\t\t\t\t<section class=\"elementor-section elementor-top-section elementor-element elementor-element-51eee8a3 elementor-section-full_width elementor-section-height-min-height elementor-section-height-default elementor-section-items-middle\" data-id=\"51eee8a3\" data-element_type=\"section\" data-e-type=\"section\" data-settings=\"{&quot;background_background&quot;:&quot;classic&quot;}\">\n\t\t\t\t\t\t<div class=\"elementor-container elementor-column-gap-default\">\n\t\t\t\t\t<div class=\"elementor-column elementor-col-100 elementor-top-column elementor-element elementor-element-6663e57f\" data-id=\"6663e57f\" data-element_type=\"column\" data-e-type=\"column\">\n\t\t\t<div class=\"elementor-widget-wrap\">\n\t\t\t\t\t\t\t<\/div>\n\t\t<\/div>\n\t\t\t\t\t<\/div>\n\t\t<\/section>\n\t\t\t\t<section class=\"elementor-section elementor-top-section elementor-element elementor-element-77c73a4 elementor-section-full_width elementor-hidden-desktop elementor-hidden-tablet elementor-section-height-default elementor-section-height-default\" data-id=\"77c73a4\" data-element_type=\"section\" data-e-type=\"section\" data-settings=\"{&quot;background_background&quot;:&quot;classic&quot;}\">\n\t\t\t\t\t\t<div class=\"elementor-container elementor-column-gap-default\">\n\t\t\t\t\t<div class=\"elementor-column elementor-col-100 elementor-top-column elementor-element elementor-element-632a0db\" data-id=\"632a0db\" data-element_type=\"column\" data-e-type=\"column\">\n\t\t\t<div class=\"elementor-widget-wrap elementor-element-populated\">\n\t\t\t\t\t\t<div class=\"elementor-element elementor-element-d6665f8 elementor-widget elementor-widget-heading\" data-id=\"d6665f8\" data-element_type=\"widget\" data-e-type=\"widget\" data-widget_type=\"heading.default\">\n\t\t\t\t<div class=\"elementor-widget-container\">\n\t\t\t\t\t<h2 class=\"elementor-heading-title elementor-size-default\">Das Familien\u00adunternehmen Hugo Schnippering\u200b<\/h2>\t\t\t\t<\/div>\n\t\t\t\t<\/div>\n\t\t\t\t\t<\/div>\n\t\t<\/div>\n\t\t\t\t\t<\/div>\n\t\t<\/section>\n\t\t\t\t<section class=\"elementor-section elementor-top-section elementor-element elementor-element-774eddb elementor-section-full_width elementor-hidden-mobile responsiv_padding responsiv_padding_mobile responsiv_padding_tablet elementor-section-height-default elementor-section-height-default\" data-id=\"774eddb\" data-element_type=\"section\" data-e-type=\"section\" data-settings=\"{&quot;background_background&quot;:&quot;classic&quot;}\">\n\t\t\t\t\t\t<div class=\"elementor-container elementor-column-gap-default\">\n\t\t\t\t\t<div class=\"elementor-column elementor-col-100 elementor-top-column elementor-element elementor-element-f8719bd\" data-id=\"f8719bd\" data-element_type=\"column\" data-e-type=\"column\">\n\t\t\t<div class=\"elementor-widget-wrap elementor-element-populated\">\n\t\t\t\t\t\t<div class=\"elementor-element elementor-element-14e43f2 elementor-hidden-mobile pa_hyphens_auto elementor-widget elementor-widget-heading\" data-id=\"14e43f2\" data-element_type=\"widget\" data-e-type=\"widget\" data-widget_type=\"heading.default\">\n\t\t\t\t<div class=\"elementor-widget-container\">\n\t\t\t\t\t<h2 class=\"elementor-heading-title elementor-size-default\">The family business Hugo Schnippering<\/h2>\t\t\t\t<\/div>\n\t\t\t\t<\/div>\n\t\t\t\t\t<\/div>\n\t\t<\/div>\n\t\t\t\t\t<\/div>\n\t\t<\/section>\n\t\t\t\t<section class=\"elementor-section elementor-top-section elementor-element elementor-element-5d37af9 elementor-section-full_width position_relative responsiv_padding responsiv_padding_mobile responsiv_padding_tablet elementor-section-content-middle elementor-section-height-default elementor-section-height-default\" data-id=\"5d37af9\" data-element_type=\"section\" data-e-type=\"section\">\n\t\t\t\t\t\t<div class=\"elementor-container elementor-column-gap-default\">\n\t\t\t\t\t<div class=\"elementor-column elementor-col-33 elementor-top-column elementor-element elementor-element-2028a43 position_absolute position_text\" data-id=\"2028a43\" data-element_type=\"column\" data-e-type=\"column\">\n\t\t\t<div class=\"elementor-widget-wrap elementor-element-populated\">\n\t\t\t\t\t\t<div class=\"elementor-element elementor-element-e751537 elementor-hidden-mobile elementor-hidden-tablet elementor-invisible elementor-widget elementor-widget-image\" data-id=\"e751537\" data-element_type=\"widget\" data-e-type=\"widget\" data-settings=\"{&quot;_animation&quot;:&quot;slideInLeft&quot;}\" data-widget_type=\"image.default\">\n\t\t\t\t<div class=\"elementor-widget-container\">\n\t\t\t\t\t\t\t\t\t\t\t\t\t\t\t<img fetchpriority=\"high\" decoding=\"async\" width=\"447\" height=\"430\" src=\"https:\/\/www.schnippering.com\/wp-content\/uploads\/2021\/10\/hs_logo.png\" class=\"attachment-large size-large wp-image-15\" alt=\"Hugo Schnippering Logo\" srcset=\"https:\/\/www.schnippering.com\/wp-content\/uploads\/2021\/10\/hs_logo.png 447w, https:\/\/www.schnippering.com\/wp-content\/uploads\/2021\/10\/hs_logo-300x289.png 300w\" sizes=\"(max-width: 447px) 100vw, 447px\" \/>\t\t\t\t\t\t\t\t\t\t\t\t\t\t\t<\/div>\n\t\t\t\t<\/div>\n\t\t\t\t<div class=\"elementor-element elementor-element-63474ec elementor-hidden-mobile elementor-hidden-desktop elementor-invisible elementor-widget elementor-widget-image\" data-id=\"63474ec\" data-element_type=\"widget\" data-e-type=\"widget\" data-settings=\"{&quot;_animation&quot;:&quot;slideInLeft&quot;}\" data-widget_type=\"image.default\">\n\t\t\t\t<div class=\"elementor-widget-container\">\n\t\t\t\t\t\t\t\t\t\t\t\t\t\t\t<img decoding=\"async\" width=\"447\" height=\"430\" src=\"https:\/\/www.schnippering.com\/wp-content\/uploads\/2021\/10\/hs_logo.png\" class=\"attachment-medium_large size-medium_large wp-image-15\" alt=\"Hugo Schnippering Logo\" srcset=\"https:\/\/www.schnippering.com\/wp-content\/uploads\/2021\/10\/hs_logo.png 447w, https:\/\/www.schnippering.com\/wp-content\/uploads\/2021\/10\/hs_logo-300x289.png 300w\" sizes=\"(max-width: 447px) 100vw, 447px\" \/>\t\t\t\t\t\t\t\t\t\t\t\t\t\t\t<\/div>\n\t\t\t\t<\/div>\n\t\t\t\t\t<\/div>\n\t\t<\/div>\n\t\t\t\t<div class=\"elementor-column elementor-col-66 elementor-top-column elementor-element elementor-element-c71cf41 position_text\" data-id=\"c71cf41\" data-element_type=\"column\" data-e-type=\"column\">\n\t\t\t<div class=\"elementor-widget-wrap elementor-element-populated\">\n\t\t\t\t\t\t<div class=\"elementor-element elementor-element-a878f3e elementor-widget elementor-widget-text-editor\" data-id=\"a878f3e\" data-element_type=\"widget\" data-e-type=\"widget\" data-widget_type=\"text-editor.default\">\n\t\t\t\t<div class=\"elementor-widget-container\">\n\t\t\t\t\t\t\t\t\t<p>As an expert in high-quality products made of plastic, metal and composite technology, we are a global supplier to the automotive and electrical industries.<br \/>With our many years of experience and know-how in the fields of injection molding and stamping and forming technology, we are your solid partner from the initial product idea, <br \/>through the creation of prototypes to series production.<\/p><p>Our production site in Lederhose is located directly on the A9 freeway.<br \/>This optimal logistic advantage gives us the possibility to reach our customers easily, fast and uncomplicated.<\/p><p>By opening up new growth markets, modern production technologies and our openness to future-oriented and sustainable plastics, we are living up to our motto<br \/>\u201eForming the Future\u201c<\/p><p class=\"translation-block\">Our goal: Shaping the future <span style=\"color: #304794\"><b>TOGETHER<\/b><\/span><\/p>\t\t\t\t\t\t\t\t<\/div>\n\t\t\t\t<\/div>\n\t\t\t\t\t<\/div>\n\t\t<\/div>\n\t\t\t\t\t<\/div>\n\t\t<\/section>\n\t\t\t\t<section class=\"elementor-section elementor-top-section elementor-element elementor-element-06bb05c elementor-section-full_width responsiv_padding responsiv_padding_mobile responsiv_padding_tablet elementor-section-height-default elementor-section-height-default\" data-id=\"06bb05c\" data-element_type=\"section\" data-e-type=\"section\">\n\t\t\t\t\t\t<div class=\"elementor-container elementor-column-gap-default\">\n\t\t\t\t\t<div class=\"elementor-column elementor-col-100 elementor-top-column elementor-element elementor-element-343928d\" data-id=\"343928d\" data-element_type=\"column\" data-e-type=\"column\">\n\t\t\t<div class=\"elementor-widget-wrap elementor-element-populated\">\n\t\t\t\t\t\t<div class=\"elementor-element elementor-element-dc626df elementor-widget elementor-widget-heading\" data-id=\"dc626df\" data-element_type=\"widget\" data-e-type=\"widget\" data-widget_type=\"heading.default\">\n\t\t\t\t<div class=\"elementor-widget-container\">\n\t\t\t\t\t<h2 class=\"elementor-heading-title elementor-size-default\">Our history<\/h2>\t\t\t\t<\/div>\n\t\t\t\t<\/div>\n\t\t\t\t<div class=\"elementor-element elementor-element-f9cde87 elementor-widget elementor-widget-timeline-widget-addon\" data-id=\"f9cde87\" data-element_type=\"widget\" data-e-type=\"widget\" data-widget_type=\"timeline-widget-addon.default\">\n\t\t\t\t<div class=\"elementor-widget-container\">\n\t\t\t\t\t<!-- ========= Timeline Widget Addon For Elementor 1.6.24 ========= -->\n<div id=\"twae-wrapper-f9cde87\" class=\"twae-vertical twae-wrapper  twae-vertical-right\">   \n    <div class=\"twae-start\"><\/div>    \n    <div id=\"twea-timeline-f9cde87\" class=\"twae-timeline\" ><!-- Start of Story Repeater Content --><div id=\"story-ef2623c\" class=\"twae-story twae-repeater-item twae-story-right twae-story-no-icon\"><!-- Story Label --><div class=\"twae-labels\"><div class=\"twae-label-big\">01.07.1939<\/div><\/div><!-- Story Icon --><div class=\"twae-icon\"><\/div><!-- Story Arrow --><div class=\"twae-arrow\"><\/div><!-- Start of Story Content --><div class=\"twae-content\"><!-- Story Title --><div class=\"twae-title\">Founding<\/div><!-- Story Description --><div class=\"twae-description\"><p>Founded by Hugo Schnippering as a metalworking company, mainly in the field of automatic turned parts according to customer drawings.<\/p><\/div><\/div><\/div><!-- Start of Story Repeater Content --><div id=\"story-0cc7fa8\" class=\"twae-story twae-repeater-item twae-story-right twae-story-no-icon\"><!-- Story Label --><div class=\"twae-labels\"><div class=\"twae-label-big\">1950<\/div><\/div><!-- Story Icon --><div class=\"twae-icon\"><\/div><!-- Story Arrow --><div class=\"twae-arrow\"><\/div><!-- Start of Story Content --><div class=\"twae-content\"><!-- Story Title --><div class=\"twae-title\">Product range <\/div><!-- Story Description --><div class=\"twae-description\"><p>After the end of the war, Hugo Schnippering started with the production of urgently needed household items made of aluminum, e.g. whisks or trivets. Start in the bicycle industry and later also door contact switches for automotive customers (including VW Beetle).<\/p><\/div><\/div><\/div><!-- Start of Story Repeater Content --><div id=\"story-72582c7\" class=\"twae-story twae-repeater-item twae-story-right twae-story-no-icon\"><!-- Story Label --><div class=\"twae-labels\"><div class=\"twae-label-big\">1965<\/div><\/div><!-- Story Icon --><div class=\"twae-icon\"><\/div><!-- Story Arrow --><div class=\"twae-arrow\"><\/div><!-- Start of Story Content --><div class=\"twae-content\"><!-- Story Title --><div class=\"twae-title\">Kierspe<\/div><!-- Story Description --><div class=\"twae-description\"><p>With the upswing in the automotive industry came company growth. Expansion of production to include plastics processing at the Kierspe plant. The first lamp socket for the VW Beetle marked the company's entry into the automotive industry.<\/p><\/div><\/div><\/div><!-- Start of Story Repeater Content --><div id=\"story-5ba0364\" class=\"twae-story twae-repeater-item twae-story-right twae-story-no-icon\"><!-- Story Label --><div class=\"twae-labels\"><div class=\"twae-label-big\">1991<\/div><div class=\"twae-label-small\"> <\/div><\/div><!-- Story Icon --><div class=\"twae-icon\"><\/div><!-- Story Arrow --><div class=\"twae-arrow\"><\/div><!-- Start of Story Content --><div class=\"twae-content\"><!-- Story Title --><div class=\"twae-title\">Upswing East<\/div><!-- Story Description --><div class=\"twae-description\"><p>Establishment of a further production site in Bad Klosterlausnitz, Thuringia for the area of component assembly.<\/p><\/div><\/div><\/div><!-- Start of Story Repeater Content --><div id=\"story-94c56af\" class=\"twae-story twae-repeater-item twae-story-right twae-story-no-icon\"><!-- Story Label --><div class=\"twae-labels\"><div class=\"twae-label-big\">1993 <\/div><div class=\"twae-label-small\"> <\/div><\/div><!-- Story Icon --><div class=\"twae-icon\"><\/div><!-- Story Arrow --><div class=\"twae-arrow\"><\/div><!-- Start of Story Content --><div class=\"twae-content\"><!-- Story Title --><div class=\"twae-title\">Move to M\u00f6rsdorf, Th\u00fcringen<\/div><!-- Story Description --><div class=\"twae-description\"><p>Expansion of production to include the area of stamping technology.<\/p><\/div><\/div><\/div><!-- Start of Story Repeater Content --><div id=\"story-4cbebcc\" class=\"twae-story twae-repeater-item twae-story-right twae-story-no-icon\"><!-- Story Label --><div class=\"twae-labels\"><div class=\"twae-label-big\">1995<\/div><div class=\"twae-label-small\"> <\/div><\/div><!-- Story Icon --><div class=\"twae-icon\"><\/div><!-- Story Arrow --><div class=\"twae-arrow\"><\/div><!-- Start of Story Content --><div class=\"twae-content\"><!-- Story Title --><div class=\"twae-title\">New construction of our own production facility in Lederhose, Th\u00fcringen<\/div><!-- Story Description --><div class=\"twae-description\"><div class=\"ksc-3790 FlexStyles-vertical CodeSnippetContainerStyles-codeSnippetContainer\"><div class=\"ksc-3845 FlexStyles-vertical\"><div class=\"ksc-3846 FlexStyles-vertical XScrollableStyles-customScrollbar\"><div class=\"ksc-3797 FlexStyles-vertical\"><div class=\"ksc-33 FlexStyles-horizontal TextLineWithGutterLayoutStyles-textLineLayoutContainer TextLineWithGutterLayoutStyles-monospacedTextLine\"><div class=\"ksc-3802 FlexStyles-horizontal\"><div class=\"ksc-3790 FlexStyles-vertical CodeSnippetContainerStyles-codeSnippetContainer\"><div class=\"ksc-3845 FlexStyles-vertical\"><div class=\"ksc-3846 FlexStyles-vertical XScrollableStyles-customScrollbar\"><div class=\"ksc-3797 FlexStyles-vertical\"><div class=\"ksc-33 FlexStyles-horizontal TextLineWithGutterLayoutStyles-textLineLayoutContainer TextLineWithGutterLayoutStyles-monospacedTextLine\"><div class=\"ksc-3802 FlexStyles-horizontal\">Expansion of production to include the area of plastics technology.<\/div><\/div><\/div><\/div><\/div><\/div><\/div><\/div><\/div><\/div><\/div><\/div><\/div><\/div><\/div><!-- Start of Story Repeater Content --><div id=\"story-3c063c5\" class=\"twae-story twae-repeater-item twae-story-right twae-story-no-icon\"><!-- Story Label --><div class=\"twae-labels\"><div class=\"twae-label-big\">1998<\/div><div class=\"twae-label-small\"> <\/div><\/div><!-- Story Icon --><div class=\"twae-icon\"><\/div><!-- Story Arrow --><div class=\"twae-arrow\"><\/div><!-- Start of Story Content --><div class=\"twae-content\"><!-- Story Title --><div class=\"twae-title\">Expansion of the production and storage areas<\/div><!-- Story Description --><div class=\"twae-description\"><p>Doubling of production and storage space at the site in Th\u00fcringen.<\/p><\/div><\/div><\/div><!-- Start of Story Repeater Content --><div id=\"story-d5a338c\" class=\"twae-story twae-repeater-item twae-story-right twae-story-no-icon\"><!-- Story Label --><div class=\"twae-labels\"><div class=\"twae-label-big\">2011<\/div><div class=\"twae-label-small\"> <\/div><\/div><!-- Story Icon --><div class=\"twae-icon\"><\/div><!-- Story Arrow --><div class=\"twae-arrow\"><\/div><!-- Start of Story Content --><div class=\"twae-content\"><!-- Story Title --><div class=\"twae-title\">New Managing Partner<\/div><!-- Story Description --><div class=\"twae-description\"><p>Nina Kriesten-Bauer joins as managing partner.<\/p><\/div><\/div><\/div><!-- Start of Story Repeater Content --><div id=\"story-85e2c3e\" class=\"twae-story twae-repeater-item twae-story-right twae-story-no-icon\"><!-- Story Label --><div class=\"twae-labels\"><div class=\"twae-label-big\">2014<\/div><div class=\"twae-label-small\"> <\/div><\/div><!-- Story Icon --><div class=\"twae-icon\"><\/div><!-- Story Arrow --><div class=\"twae-arrow\"><\/div><!-- Start of Story Content --><div class=\"twae-content\"><!-- Story Title --><div class=\"twae-title\">New shareholder<\/div><!-- Story Description --><div class=\"twae-description\"><p>Christian Vielhauer joins as technical manager, authorized signatory and shareholder.<\/p><\/div><\/div><\/div><!-- Start of Story Repeater Content --><div id=\"story-f2f4269\" class=\"twae-story twae-repeater-item twae-story-right twae-story-no-icon\"><!-- Story Label --><div class=\"twae-labels\"><div class=\"twae-label-big\">2015<\/div><div class=\"twae-label-small\"> <\/div><\/div><!-- Story Icon --><div class=\"twae-icon\"><\/div><!-- Story Arrow --><div class=\"twae-arrow\"><\/div><!-- Start of Story Content --><div class=\"twae-content\"><!-- Story Title --><div class=\"twae-title\">Development<\/div><!-- Story Description --><div class=\"twae-description\"><p>Expansion of the product portfolio, production of design-oriented functional parts for the interior and exterior.<\/p><\/div><\/div><\/div><!-- Start of Story Repeater Content --><div id=\"story-7d49561\" class=\"twae-story twae-repeater-item twae-story-right twae-story-no-icon\"><!-- Story Label --><div class=\"twae-labels\"><div class=\"twae-label-big\">2018<\/div><div class=\"twae-label-small\"> <\/div><\/div><!-- Story Icon --><div class=\"twae-icon\"><\/div><!-- Story Arrow --><div class=\"twae-arrow\"><\/div><!-- Start of Story Content --><div class=\"twae-content\"><!-- Story Title --><div class=\"twae-title\">Hugo Schnippering KMT GmbH<\/div><!-- Story Description --><div class=\"twae-description\"><p>Takeover of Hugo Schnippering GmbH. Co. KG by the newly founded <strong>Hugo Schnippering KMT GmbH<\/strong>. Guido Schultze joins as managing partner.<\/p><\/div><\/div><\/div><\/div>\n    <div class=\"twae-end\"><\/div>\n    <\/div><style type=\"text\/css\">.elementor-316 .elementor-element.elementor-element-f9cde87 .twae-wrapper.twae-vertical .twae-story{margin-bottom:60px!important}.elementor-316 .elementor-element.elementor-element-f9cde87 .twae-wrapper{--tw-cbx-title-color:#304794;}.elementor-316 .elementor-element.elementor-element-f9cde87 .twae-wrapper{--tw-lbl-small-color:#304794;}.elementor-316 .elementor-element.elementor-element-f9cde87 .twae-wrapper{--tw-cbx-des-color:#393939;}.elementor-316 .elementor-element.elementor-element-f9cde87 .twae-wrapper{--tw-ybx-text-color:#304794}.elementor-316 .elementor-element.elementor-element-f9cde87 .twae-wrapper{--tw-ybx-bg:#304794}.elementor-316 .elementor-element.elementor-element-f9cde87 .twae-wrapper .twae-year{background:none!important;}.elementor-316 .elementor-element.elementor-element-f9cde87 .twae-wrapper{--tw-cbx-bg:#FFFFFF}@media (max-width: 1024px){ .twae-wrapper{--tw-ybx-size: 80px !important;}}@media (max-width: 767px){ .twae-wrapper{--tw-ybx-size: 80px !important}}<\/style>\t\t\t\t<\/div>\n\t\t\t\t<\/div>\n\t\t\t\t<div class=\"elementor-element elementor-element-efce2b5 elementor-widget elementor-widget-spacer\" data-id=\"efce2b5\" data-element_type=\"widget\" data-e-type=\"widget\" data-widget_type=\"spacer.default\">\n\t\t\t\t<div class=\"elementor-widget-container\">\n\t\t\t\t\t\t\t<div class=\"elementor-spacer\">\n\t\t\t<div class=\"elementor-spacer-inner\"><\/div>\n\t\t<\/div>\n\t\t\t\t\t\t<\/div>\n\t\t\t\t<\/div>\n\t\t\t\t\t<\/div>\n\t\t<\/div>\n\t\t\t\t\t<\/div>\n\t\t<\/section>\n\t\t\t\t<\/div>","protected":false},"excerpt":{"rendered":"<p>Das Familien\u00adunternehmen Hugo Schnippering\u200b Das Familienunternehmen Hugo Schnippering Als Experte f\u00fcr hochwertige Produkte aus Kunststoff, Metall und der Verbundtechnologie sind wir weltweiter Zulieferer f\u00fcr die Automobil- und Elektroindustrie.Mit unserer jahrelangen Erfahrung und unserem Know-how in den Bereichen Spritzgie\u00dfen und der Stanz- und Umformtechnik sind wir Ihr fester Partner von der ersten Produktidee, \u00fcber die Erstellung [&hellip;]<\/p>\n","protected":false},"author":4,"featured_media":0,"parent":0,"menu_order":0,"comment_status":"closed","ping_status":"closed","template":"","meta":{"ocean_post_layout":"full-screen","ocean_both_sidebars_style":"","ocean_both_sidebars_content_width":0,"ocean_both_sidebars_sidebars_width":0,"ocean_sidebar":"0","ocean_second_sidebar":"0","ocean_disable_margins":"enable","ocean_add_body_class":"","ocean_shortcode_before_top_bar":"","ocean_shortcode_after_top_bar":"","ocean_shortcode_before_header":"","ocean_shortcode_after_header":"","ocean_has_shortcode":"","ocean_shortcode_after_title":"","ocean_shortcode_before_footer_widgets":"","ocean_shortcode_after_footer_widgets":"","ocean_shortcode_before_footer_bottom":"","ocean_shortcode_after_footer_bottom":"","ocean_display_top_bar":"off","ocean_display_header":"default","ocean_header_style":"","ocean_center_header_left_menu":"0","ocean_custom_header_template":"0","ocean_custom_logo":0,"ocean_custom_retina_logo":0,"ocean_custom_logo_max_width":0,"ocean_custom_logo_tablet_max_width":0,"ocean_custom_logo_mobile_max_width":0,"ocean_custom_logo_max_height":0,"ocean_custom_logo_tablet_max_height":0,"ocean_custom_logo_mobile_max_height":0,"ocean_header_custom_menu":"0","ocean_menu_typo_font_family":"0","ocean_menu_typo_font_subset":"","ocean_menu_typo_font_size":0,"ocean_menu_typo_font_size_tablet":0,"ocean_menu_typo_font_size_mobile":0,"ocean_menu_typo_font_size_unit":"px","ocean_menu_typo_font_weight":"","ocean_menu_typo_font_weight_tablet":"","ocean_menu_typo_font_weight_mobile":"","ocean_menu_typo_transform":"","ocean_menu_typo_transform_tablet":"","ocean_menu_typo_transform_mobile":"","ocean_menu_typo_line_height":0,"ocean_menu_typo_line_height_tablet":0,"ocean_menu_typo_line_height_mobile":0,"ocean_menu_typo_line_height_unit":"","ocean_menu_typo_spacing":0,"ocean_menu_typo_spacing_tablet":0,"ocean_menu_typo_spacing_mobile":0,"ocean_menu_typo_spacing_unit":"","ocean_menu_link_color":"","ocean_menu_link_color_hover":"","ocean_menu_link_color_active":"","ocean_menu_link_background":"","ocean_menu_link_hover_background":"","ocean_menu_link_active_background":"","ocean_menu_social_links_bg":"","ocean_menu_social_hover_links_bg":"","ocean_menu_social_links_color":"","ocean_menu_social_hover_links_color":"","ocean_disable_title":"on","ocean_disable_heading":"default","ocean_post_title":"","ocean_post_subheading":"","ocean_post_title_style":"","ocean_post_title_background_color":"","ocean_post_title_background":0,"ocean_post_title_bg_image_position":"","ocean_post_title_bg_image_attachment":"","ocean_post_title_bg_image_repeat":"","ocean_post_title_bg_image_size":"","ocean_post_title_height":0,"ocean_post_title_bg_overlay":0.5,"ocean_post_title_bg_overlay_color":"","ocean_disable_breadcrumbs":"default","ocean_breadcrumbs_color":"","ocean_breadcrumbs_separator_color":"","ocean_breadcrumbs_links_color":"","ocean_breadcrumbs_links_hover_color":"","ocean_display_footer_widgets":"on","ocean_display_footer_bottom":"off","ocean_custom_footer_template":"747","footnotes":""},"class_list":["post-316","page","type-page","status-publish","hentry","entry"],"_links":{"self":[{"href":"https:\/\/www.schnippering.com\/en\/wp-json\/wp\/v2\/pages\/316","targetHints":{"allow":["GET"]}}],"collection":[{"href":"https:\/\/www.schnippering.com\/en\/wp-json\/wp\/v2\/pages"}],"about":[{"href":"https:\/\/www.schnippering.com\/en\/wp-json\/wp\/v2\/types\/page"}],"author":[{"embeddable":true,"href":"https:\/\/www.schnippering.com\/en\/wp-json\/wp\/v2\/users\/4"}],"replies":[{"embeddable":true,"href":"https:\/\/www.schnippering.com\/en\/wp-json\/wp\/v2\/comments?post=316"}],"version-history":[{"count":513,"href":"https:\/\/www.schnippering.com\/en\/wp-json\/wp\/v2\/pages\/316\/revisions"}],"predecessor-version":[{"id":6143,"href":"https:\/\/www.schnippering.com\/en\/wp-json\/wp\/v2\/pages\/316\/revisions\/6143"}],"wp:attachment":[{"href":"https:\/\/www.schnippering.com\/en\/wp-json\/wp\/v2\/media?parent=316"}],"curies":[{"name":"wp","href":"https:\/\/api.w.org\/{rel}","templated":true}]}}